{"id":9,"date":"2025-11-11T19:47:25","date_gmt":"2025-11-11T19:47:25","guid":{"rendered":"https:\/\/cpmjs.fr\/?page_id=9"},"modified":"2026-02-25T23:18:23","modified_gmt":"2026-02-25T23:18:23","slug":"lequipe","status":"publish","type":"page","link":"https:\/\/cpmjs.fr\/?page_id=9","title":{"rendered":"Le Conseil d&rsquo;Administration"},"content":{"rendered":"\n<p>Pr\u00e9sident : M. Raymond CARTER<br>Vice-pr\u00e9sidente : Mme Evelyne AUZANNEAU<br>Vice-pr\u00e9sident : M. Jo\u00ebl CAPOANI<br>Tr\u00e9sorier :<br>Secr\u00e9taire G\u00e9n\u00e9ral : M. Fran\u00e7ois-Pierre MARIE<br>Secr\u00e9taire adjoint : M. S\u00e9bastien GLAD<\/p>\n\n\n\n<p>Administrateurs : M. Cyril KARUNAGARAN, M. Philippe DUCLOUX, Mme Chantal MARIE, Mme Genevi\u00e8ve DELVERT-GUERRET, Mme Annick RIZZOLI<\/p>\n","protected":false},"excerpt":{"rendered":"<p>Pr\u00e9sident : M. Raymond CARTERVice-pr\u00e9sidente : Mme Evelyne AUZANNEAUVice-pr\u00e9sident : M. Jo\u00ebl CAPOANITr\u00e9sorier :Secr\u00e9taire G\u00e9n\u00e9ral : M. Fran\u00e7ois-Pierre MARIESecr\u00e9taire adjoint : M. S\u00e9bastien GLAD Administrateurs : M. Cyril KARUNAGARAN, M. Philippe DUCLOUX, Mme Chantal MARIE, Mme Genevi\u00e8ve DELVERT-GUERRET, Mme Annick RIZZOLI<\/p>\n","protected":false},"author":1,"featured_media":0,"parent":0,"menu_order":0,"comment_status":"closed","ping_status":"closed","template":"","meta":{"footnotes":""},"class_list":["post-9","page","type-page","status-publish","hentry"],"_links":{"self":[{"href":"https:\/\/cpmjs.fr\/index.php?rest_route=\/wp\/v2\/pages\/9","targetHints":{"allow":["GET"]}}],"collection":[{"href":"https:\/\/cpmjs.fr\/index.php?rest_route=\/wp\/v2\/pages"}],"about":[{"href":"https:\/\/cpmjs.fr\/index.php?rest_route=\/wp\/v2\/types\/page"}],"author":[{"embeddable":true,"href":"https:\/\/cpmjs.fr\/index.php?rest_route=\/wp\/v2\/users\/1"}],"replies":[{"embeddable":true,"href":"https:\/\/cpmjs.fr\/index.php?rest_route=%2Fwp%2Fv2%2Fcomments&post=9"}],"version-history":[{"count":2,"href":"https:\/\/cpmjs.fr\/index.php?rest_route=\/wp\/v2\/pages\/9\/revisions"}],"predecessor-version":[{"id":47,"href":"https:\/\/cpmjs.fr\/index.php?rest_route=\/wp\/v2\/pages\/9\/revisions\/47"}],"wp:attachment":[{"href":"https:\/\/cpmjs.fr\/index.php?rest_route=%2Fwp%2Fv2%2Fmedia&parent=9"}],"curies":[{"name":"wp","href":"https:\/\/api.w.org\/{rel}","templated":true}]}}