{"id":36,"date":"2026-02-25T15:37:19","date_gmt":"2026-02-25T15:37:19","guid":{"rendered":"https:\/\/cpmjs.fr\/?page_id=36"},"modified":"2026-02-25T15:37:19","modified_gmt":"2026-02-25T15:37:19","slug":"bulletin-dadhesion-2026","status":"publish","type":"page","link":"https:\/\/cpmjs.fr\/?page_id=36","title":{"rendered":"Bulletin d&rsquo;adh\u00e9sion 2026"},"content":{"rendered":"\n<p>Rejoignez-nous ! <\/p>\n\n\n\n<p><a href=\"https:\/\/cpmjs.fr\/wp-content\/uploads\/2026\/02\/Formulaire-adhesion-2026.pdf\" data-type=\"link\" data-id=\"https:\/\/cpmjs.fr\/wp-content\/uploads\/2026\/02\/Formulaire-adhesion-2026.pdf\">Pour t\u00e9l\u00e9charger le bulletin d&rsquo;adh\u00e9sion 2026, cliquez ici<\/a><\/p>\n","protected":false},"excerpt":{"rendered":"<p>Rejoignez-nous ! Pour t\u00e9l\u00e9charger le bulletin d&rsquo;adh\u00e9sion 2026, cliquez ici<\/p>\n","protected":false},"author":1,"featured_media":0,"parent":0,"menu_order":0,"comment_status":"closed","ping_status":"closed","template":"","meta":{"footnotes":""},"class_list":["post-36","page","type-page","status-publish","hentry"],"_links":{"self":[{"href":"https:\/\/cpmjs.fr\/index.php?rest_route=\/wp\/v2\/pages\/36","targetHints":{"allow":["GET"]}}],"collection":[{"href":"https:\/\/cpmjs.fr\/index.php?rest_route=\/wp\/v2\/pages"}],"about":[{"href":"https:\/\/cpmjs.fr\/index.php?rest_route=\/wp\/v2\/types\/page"}],"author":[{"embeddable":true,"href":"https:\/\/cpmjs.fr\/index.php?rest_route=\/wp\/v2\/users\/1"}],"replies":[{"embeddable":true,"href":"https:\/\/cpmjs.fr\/index.php?rest_route=%2Fwp%2Fv2%2Fcomments&post=36"}],"version-history":[{"count":2,"href":"https:\/\/cpmjs.fr\/index.php?rest_route=\/wp\/v2\/pages\/36\/revisions"}],"predecessor-version":[{"id":39,"href":"https:\/\/cpmjs.fr\/index.php?rest_route=\/wp\/v2\/pages\/36\/revisions\/39"}],"wp:attachment":[{"href":"https:\/\/cpmjs.fr\/index.php?rest_route=%2Fwp%2Fv2%2Fmedia&parent=36"}],"curies":[{"name":"wp","href":"https:\/\/api.w.org\/{rel}","templated":true}]}}